{"id":75,"date":"2012-08-04T13:51:52","date_gmt":"2012-08-04T11:51:52","guid":{"rendered":"http:\/\/tilofix.de\/blog\/?page_id=75"},"modified":"2015-06-25T21:53:47","modified_gmt":"2015-06-25T19:53:47","slug":"impressum","status":"publish","type":"page","link":"https:\/\/tilofix.de\/blog\/impressum\/","title":{"rendered":"Impressum"},"content":{"rendered":"<p><address>\nTilo Wirkner<br \/>\nGartenstr. 48<br \/>\n18442 Niepars<br \/>\nTelefon: +49 38321 66770<br \/>\nE-Mail: tilo(at)tilofix(dot)de<br \/>\n     <\/address>\n<\/p>\n<p>Inhaltlich Verantwortlicher gem\u00e4\u00df \u00a7 55 Abs. 2 RStV und gem\u00e4\u00df \u00a7 10 Absatz 3 MDStV: Tilo Wirkner (Anschrift wie oben)<\/p>\n<p>Haftungshinweis: Trotz sorgf\u00e4ltiger inhaltlicher Kontrolle \u00fcbernehme ich keine Haftung f\u00fcr die Inhalte externer Links. F\u00fcr den Inhalt der verlinkten Seiten sind ausschlie\u00dflich deren Betreiber verantwortlich.<\/p>\n","protected":false},"excerpt":{"rendered":"<p>Tilo Wirkner Gartenstr. 48 18442 Niepars Telefon: +49 38321 66770 E-Mail: tilo(at)tilofix(dot)de Inhaltlich Verantwortlicher gem\u00e4\u00df \u00a7 55 Abs. 2 RStV und gem\u00e4\u00df \u00a7 10 Absatz 3 MDStV: Tilo Wirkner (Anschrift wie oben) Haftungshinweis: Trotz sorgf\u00e4ltiger &hellip;<\/p>\n","protected":false},"author":1,"featured_media":0,"parent":0,"menu_order":0,"comment_status":"open","ping_status":"open","template":"","meta":{"jetpack_post_was_ever_published":false,"footnotes":""},"class_list":["post-75","page","type-page","status-publish","hentry"],"jetpack_sharing_enabled":true,"jetpack_shortlink":"https:\/\/wp.me\/P6ZyxJ-1d","jetpack-related-posts":[],"_links":{"self":[{"href":"https:\/\/tilofix.de\/blog\/wp-json\/wp\/v2\/pages\/75","targetHints":{"allow":["GET"]}}],"collection":[{"href":"https:\/\/tilofix.de\/blog\/wp-json\/wp\/v2\/pages"}],"about":[{"href":"https:\/\/tilofix.de\/blog\/wp-json\/wp\/v2\/types\/page"}],"author":[{"embeddable":true,"href":"https:\/\/tilofix.de\/blog\/wp-json\/wp\/v2\/users\/1"}],"replies":[{"embeddable":true,"href":"https:\/\/tilofix.de\/blog\/wp-json\/wp\/v2\/comments?post=75"}],"version-history":[{"count":6,"href":"https:\/\/tilofix.de\/blog\/wp-json\/wp\/v2\/pages\/75\/revisions"}],"predecessor-version":[{"id":472,"href":"https:\/\/tilofix.de\/blog\/wp-json\/wp\/v2\/pages\/75\/revisions\/472"}],"wp:attachment":[{"href":"https:\/\/tilofix.de\/blog\/wp-json\/wp\/v2\/media?parent=75"}],"curies":[{"name":"wp","href":"https:\/\/api.w.org\/{rel}","templated":true}]}}